{"id":10211,"date":"2022-10-31T10:55:29","date_gmt":"2022-10-31T09:55:29","guid":{"rendered":"https:\/\/laguidaelettrica.it\/index.php\/prodotto\/io67120-armatura-stradale-solare-6-000lm-40w\/"},"modified":"2025-10-28T11:16:14","modified_gmt":"2025-10-28T10:16:14","slug":"io67120-armatura-stradale-solare-6-000lm-40w","status":"publish","type":"product","link":"https:\/\/laguidaelettrica.it\/index.php\/prodotto\/io67120-armatura-stradale-solare-6-000lm-40w\/","title":{"rendered":"IO67120&#8211;ICARO armatura stradale solare Led 6.000LM 40W"},"content":{"rendered":"<p>Armatura solare LED dal design moderno, con sensore PIR . Il funzionamento \u00e8 facilmente programmabile tramite il telecomando in dotazione. Il fascio luminoso \u00e8 orientabile per poter illuminare in maniera pi\u00f9 precisa la zona desiderata. Disponibile in due potenze. Diametro palo installazione 60mm<\/p>\n<div class=\"fusion-video fusion-youtube\" style=\"--awb-max-width:600px;--awb-max-height:360px;\"><div class=\"video-shortcode\"><div class=\"fluid-width-video-wrapper\" style=\"padding-top:60%;\" ><iframe class=\"fusion-hidden\" data-privacy-type=\"youtube\" src=\"\" title=\"YouTube video player 1\" data-privacy-src=\"https:\/\/www.youtube.com\/embed\/iDD-m3N5hu0?wmode=transparent&autoplay=0\" width=\"600\" height=\"360\" allowfullscreen allow=\"autoplay; clipboard-write; encrypted-media; gyroscope; picture-in-picture;\"><\/iframe><div class=\"fusion-privacy-placeholder\" style=\"width:600px; height:360px;\" data-privacy-type=\"youtube\"><div class=\"fusion-privacy-placeholder-content\"><div class=\"fusion-privacy-label\">Per la tua privacy YouTube necessita di una tua approvazione prima di essere caricato. Per maggiori informazioni consulta la nostra <a class=\"privacy-policy-link\" href=\"https:\/\/laguidaelettrica.it\/index.php\/privacy-policy\/\" rel=\"privacy-policy\">Cookie policy<\/a>.<\/div><button data-privacy-type=\"youtube\" class=\"fusion-button button-default fusion-button-default-size button fusion-privacy-consent\">Ho letto la Privacy Policy ed accetto<\/button><\/div><\/div><\/div><\/div><\/div>\n","protected":false},"excerpt":{"rendered":"<p>Armatura solare LED dal design moderno, con sensore PIR .  [&#8230;]<\/p>\n","protected":false},"featured_media":10217,"template":"","meta":[],"product_brand":[],"product_cat":[325],"product_tag":[1526],"class_list":{"0":"post-10211","1":"product","2":"type-product","3":"status-publish","4":"has-post-thumbnail","6":"product_cat-armature-solari-led-illuminazione-solare-fotovoltaico-accumulo-e-e-mobility-2","7":"product_tag-iolume","9":"first","10":"instock","11":"shipping-taxable","12":"product-type-simple"},"yoast_head":"<!-- This site is optimized with the Yoast SEO plugin v27.3 - https:\/\/yoast.com\/product\/yoast-seo-wordpress\/ -->\n<title>IO67120-ICARO armatura stradale solare Led 6.000LM 40W - La Guida Elettrica<\/title>\n<meta name=\"robots\" content=\"index, follow, max-snippet:-1, max-image-preview:large, max-video-preview:-1\" \/>\n<link rel=\"canonical\" href=\"https:\/\/laguidaelettrica.it\/index.php\/prodotto\/io67120-armatura-stradale-solare-6-000lm-40w\/\" \/>\n<meta property=\"og:locale\" content=\"it_IT\" \/>\n<meta property=\"og:type\" content=\"article\" \/>\n<meta property=\"og:title\" content=\"IO67120-ICARO armatura stradale solare Led 6.000LM 40W - La Guida Elettrica\" \/>\n<meta property=\"og:description\" content=\"Armatura solare LED dal design moderno, con sensore PIR . [...]\" \/>\n<meta property=\"og:url\" content=\"https:\/\/laguidaelettrica.it\/index.php\/prodotto\/io67120-armatura-stradale-solare-6-000lm-40w\/\" \/>\n<meta property=\"og:site_name\" content=\"La Guida Elettrica\" \/>\n<meta property=\"article:publisher\" content=\"https:\/\/www.facebook.com\/GliElettriciMC\" \/>\n<meta property=\"article:modified_time\" content=\"2025-10-28T10:16:14+00:00\" \/>\n<meta property=\"og:image\" content=\"https:\/\/laguidaelettrica.it\/wp-content\/uploads\/2022\/10\/IO67120.jpg\" \/>\n\t<meta property=\"og:image:width\" content=\"600\" \/>\n\t<meta property=\"og:image:height\" content=\"600\" \/>\n\t<meta property=\"og:image:type\" content=\"image\/jpeg\" \/>\n<meta name=\"twitter:card\" content=\"summary_large_image\" \/>\n<meta name=\"twitter:label1\" content=\"Tempo di lettura stimato\" \/>\n\t<meta name=\"twitter:data1\" content=\"1 minuto\" \/>\n<script type=\"application\/ld+json\" class=\"yoast-schema-graph\">{\"@context\":\"https:\\\/\\\/schema.org\",\"@graph\":[{\"@type\":\"WebPage\",\"@id\":\"https:\\\/\\\/laguidaelettrica.it\\\/index.php\\\/prodotto\\\/io67120-armatura-stradale-solare-6-000lm-40w\\\/\",\"url\":\"https:\\\/\\\/laguidaelettrica.it\\\/index.php\\\/prodotto\\\/io67120-armatura-stradale-solare-6-000lm-40w\\\/\",\"name\":\"IO67120-ICARO armatura stradale solare Led 6.000LM 40W - La Guida Elettrica\",\"isPartOf\":{\"@id\":\"https:\\\/\\\/laguidaelettrica.it\\\/#website\"},\"primaryImageOfPage\":{\"@id\":\"https:\\\/\\\/laguidaelettrica.it\\\/index.php\\\/prodotto\\\/io67120-armatura-stradale-solare-6-000lm-40w\\\/#primaryimage\"},\"image\":{\"@id\":\"https:\\\/\\\/laguidaelettrica.it\\\/index.php\\\/prodotto\\\/io67120-armatura-stradale-solare-6-000lm-40w\\\/#primaryimage\"},\"thumbnailUrl\":\"https:\\\/\\\/laguidaelettrica.it\\\/wp-content\\\/uploads\\\/2022\\\/10\\\/IO67120.jpg\",\"datePublished\":\"2022-10-31T09:55:29+00:00\",\"dateModified\":\"2025-10-28T10:16:14+00:00\",\"breadcrumb\":{\"@id\":\"https:\\\/\\\/laguidaelettrica.it\\\/index.php\\\/prodotto\\\/io67120-armatura-stradale-solare-6-000lm-40w\\\/#breadcrumb\"},\"inLanguage\":\"it-IT\",\"potentialAction\":[{\"@type\":\"ReadAction\",\"target\":[\"https:\\\/\\\/laguidaelettrica.it\\\/index.php\\\/prodotto\\\/io67120-armatura-stradale-solare-6-000lm-40w\\\/\"]}]},{\"@type\":\"ImageObject\",\"inLanguage\":\"it-IT\",\"@id\":\"https:\\\/\\\/laguidaelettrica.it\\\/index.php\\\/prodotto\\\/io67120-armatura-stradale-solare-6-000lm-40w\\\/#primaryimage\",\"url\":\"https:\\\/\\\/laguidaelettrica.it\\\/wp-content\\\/uploads\\\/2022\\\/10\\\/IO67120.jpg\",\"contentUrl\":\"https:\\\/\\\/laguidaelettrica.it\\\/wp-content\\\/uploads\\\/2022\\\/10\\\/IO67120.jpg\",\"width\":600,\"height\":600},{\"@type\":\"BreadcrumbList\",\"@id\":\"https:\\\/\\\/laguidaelettrica.it\\\/index.php\\\/prodotto\\\/io67120-armatura-stradale-solare-6-000lm-40w\\\/#breadcrumb\",\"itemListElement\":[{\"@type\":\"ListItem\",\"position\":1,\"name\":\"Home\",\"item\":\"https:\\\/\\\/laguidaelettrica.it\\\/\"},{\"@type\":\"ListItem\",\"position\":2,\"name\":\"La Guida Elettrica &#8211; Prodotti\",\"item\":\"https:\\\/\\\/laguidaelettrica.it\\\/index.php\\\/prodotti-2\\\/\"},{\"@type\":\"ListItem\",\"position\":3,\"name\":\"IO67120&#8211;ICARO armatura stradale solare Led 6.000LM 40W\"}]},{\"@type\":\"WebSite\",\"@id\":\"https:\\\/\\\/laguidaelettrica.it\\\/#website\",\"url\":\"https:\\\/\\\/laguidaelettrica.it\\\/\",\"name\":\"La Guida Elettrica\",\"description\":\"I migliori prodotti per gli elettricisti\",\"publisher\":{\"@id\":\"https:\\\/\\\/laguidaelettrica.it\\\/#organization\"},\"potentialAction\":[{\"@type\":\"SearchAction\",\"target\":{\"@type\":\"EntryPoint\",\"urlTemplate\":\"https:\\\/\\\/laguidaelettrica.it\\\/?s={search_term_string}\"},\"query-input\":{\"@type\":\"PropertyValueSpecification\",\"valueRequired\":true,\"valueName\":\"search_term_string\"}}],\"inLanguage\":\"it-IT\"},{\"@type\":\"Organization\",\"@id\":\"https:\\\/\\\/laguidaelettrica.it\\\/#organization\",\"name\":\"Gli Elettrici\",\"url\":\"https:\\\/\\\/laguidaelettrica.it\\\/\",\"logo\":{\"@type\":\"ImageObject\",\"inLanguage\":\"it-IT\",\"@id\":\"https:\\\/\\\/laguidaelettrica.it\\\/#\\\/schema\\\/logo\\\/image\\\/\",\"url\":\"https:\\\/\\\/laguidaelettrica.it\\\/wp-content\\\/uploads\\\/2022\\\/07\\\/Gli-elettrici-energia-alternativa.jpg\",\"contentUrl\":\"https:\\\/\\\/laguidaelettrica.it\\\/wp-content\\\/uploads\\\/2022\\\/07\\\/Gli-elettrici-energia-alternativa.jpg\",\"width\":399,\"height\":109,\"caption\":\"Gli Elettrici\"},\"image\":{\"@id\":\"https:\\\/\\\/laguidaelettrica.it\\\/#\\\/schema\\\/logo\\\/image\\\/\"},\"sameAs\":[\"https:\\\/\\\/www.facebook.com\\\/GliElettriciMC\",\"https:\\\/\\\/www.instagram.com\\\/GliElettrici\\\/\",\"https:\\\/\\\/www.youtube.com\\\/channel\\\/UC0Sdag04NMAUB1HBlhatDLg\"]}]}<\/script>\n<!-- \/ Yoast SEO plugin. -->","yoast_head_json":{"title":"IO67120-ICARO armatura stradale solare Led 6.000LM 40W - La Guida Elettrica","robots":{"index":"index","follow":"follow","max-snippet":"max-snippet:-1","max-image-preview":"max-image-preview:large","max-video-preview":"max-video-preview:-1"},"canonical":"https:\/\/laguidaelettrica.it\/index.php\/prodotto\/io67120-armatura-stradale-solare-6-000lm-40w\/","og_locale":"it_IT","og_type":"article","og_title":"IO67120-ICARO armatura stradale solare Led 6.000LM 40W - La Guida Elettrica","og_description":"Armatura solare LED dal design moderno, con sensore PIR . [...]","og_url":"https:\/\/laguidaelettrica.it\/index.php\/prodotto\/io67120-armatura-stradale-solare-6-000lm-40w\/","og_site_name":"La Guida Elettrica","article_publisher":"https:\/\/www.facebook.com\/GliElettriciMC","article_modified_time":"2025-10-28T10:16:14+00:00","og_image":[{"width":600,"height":600,"url":"https:\/\/laguidaelettrica.it\/wp-content\/uploads\/2022\/10\/IO67120.jpg","type":"image\/jpeg"}],"twitter_card":"summary_large_image","twitter_misc":{"Tempo di lettura stimato":"1 minuto"},"schema":{"@context":"https:\/\/schema.org","@graph":[{"@type":"WebPage","@id":"https:\/\/laguidaelettrica.it\/index.php\/prodotto\/io67120-armatura-stradale-solare-6-000lm-40w\/","url":"https:\/\/laguidaelettrica.it\/index.php\/prodotto\/io67120-armatura-stradale-solare-6-000lm-40w\/","name":"IO67120-ICARO armatura stradale solare Led 6.000LM 40W - La Guida Elettrica","isPartOf":{"@id":"https:\/\/laguidaelettrica.it\/#website"},"primaryImageOfPage":{"@id":"https:\/\/laguidaelettrica.it\/index.php\/prodotto\/io67120-armatura-stradale-solare-6-000lm-40w\/#primaryimage"},"image":{"@id":"https:\/\/laguidaelettrica.it\/index.php\/prodotto\/io67120-armatura-stradale-solare-6-000lm-40w\/#primaryimage"},"thumbnailUrl":"https:\/\/laguidaelettrica.it\/wp-content\/uploads\/2022\/10\/IO67120.jpg","datePublished":"2022-10-31T09:55:29+00:00","dateModified":"2025-10-28T10:16:14+00:00","breadcrumb":{"@id":"https:\/\/laguidaelettrica.it\/index.php\/prodotto\/io67120-armatura-stradale-solare-6-000lm-40w\/#breadcrumb"},"inLanguage":"it-IT","potentialAction":[{"@type":"ReadAction","target":["https:\/\/laguidaelettrica.it\/index.php\/prodotto\/io67120-armatura-stradale-solare-6-000lm-40w\/"]}]},{"@type":"ImageObject","inLanguage":"it-IT","@id":"https:\/\/laguidaelettrica.it\/index.php\/prodotto\/io67120-armatura-stradale-solare-6-000lm-40w\/#primaryimage","url":"https:\/\/laguidaelettrica.it\/wp-content\/uploads\/2022\/10\/IO67120.jpg","contentUrl":"https:\/\/laguidaelettrica.it\/wp-content\/uploads\/2022\/10\/IO67120.jpg","width":600,"height":600},{"@type":"BreadcrumbList","@id":"https:\/\/laguidaelettrica.it\/index.php\/prodotto\/io67120-armatura-stradale-solare-6-000lm-40w\/#breadcrumb","itemListElement":[{"@type":"ListItem","position":1,"name":"Home","item":"https:\/\/laguidaelettrica.it\/"},{"@type":"ListItem","position":2,"name":"La Guida Elettrica &#8211; Prodotti","item":"https:\/\/laguidaelettrica.it\/index.php\/prodotti-2\/"},{"@type":"ListItem","position":3,"name":"IO67120&#8211;ICARO armatura stradale solare Led 6.000LM 40W"}]},{"@type":"WebSite","@id":"https:\/\/laguidaelettrica.it\/#website","url":"https:\/\/laguidaelettrica.it\/","name":"La Guida Elettrica","description":"I migliori prodotti per gli elettricisti","publisher":{"@id":"https:\/\/laguidaelettrica.it\/#organization"},"potentialAction":[{"@type":"SearchAction","target":{"@type":"EntryPoint","urlTemplate":"https:\/\/laguidaelettrica.it\/?s={search_term_string}"},"query-input":{"@type":"PropertyValueSpecification","valueRequired":true,"valueName":"search_term_string"}}],"inLanguage":"it-IT"},{"@type":"Organization","@id":"https:\/\/laguidaelettrica.it\/#organization","name":"Gli Elettrici","url":"https:\/\/laguidaelettrica.it\/","logo":{"@type":"ImageObject","inLanguage":"it-IT","@id":"https:\/\/laguidaelettrica.it\/#\/schema\/logo\/image\/","url":"https:\/\/laguidaelettrica.it\/wp-content\/uploads\/2022\/07\/Gli-elettrici-energia-alternativa.jpg","contentUrl":"https:\/\/laguidaelettrica.it\/wp-content\/uploads\/2022\/07\/Gli-elettrici-energia-alternativa.jpg","width":399,"height":109,"caption":"Gli Elettrici"},"image":{"@id":"https:\/\/laguidaelettrica.it\/#\/schema\/logo\/image\/"},"sameAs":["https:\/\/www.facebook.com\/GliElettriciMC","https:\/\/www.instagram.com\/GliElettrici\/","https:\/\/www.youtube.com\/channel\/UC0Sdag04NMAUB1HBlhatDLg"]}]}},"jetpack_sharing_enabled":true,"_links":{"self":[{"href":"https:\/\/laguidaelettrica.it\/index.php\/wp-json\/wp\/v2\/product\/10211","targetHints":{"allow":["GET"]}}],"collection":[{"href":"https:\/\/laguidaelettrica.it\/index.php\/wp-json\/wp\/v2\/product"}],"about":[{"href":"https:\/\/laguidaelettrica.it\/index.php\/wp-json\/wp\/v2\/types\/product"}],"wp:featuredmedia":[{"embeddable":true,"href":"https:\/\/laguidaelettrica.it\/index.php\/wp-json\/wp\/v2\/media\/10217"}],"wp:attachment":[{"href":"https:\/\/laguidaelettrica.it\/index.php\/wp-json\/wp\/v2\/media?parent=10211"}],"wp:term":[{"taxonomy":"product_brand","embeddable":true,"href":"https:\/\/laguidaelettrica.it\/index.php\/wp-json\/wp\/v2\/product_brand?post=10211"},{"taxonomy":"product_cat","embeddable":true,"href":"https:\/\/laguidaelettrica.it\/index.php\/wp-json\/wp\/v2\/product_cat?post=10211"},{"taxonomy":"product_tag","embeddable":true,"href":"https:\/\/laguidaelettrica.it\/index.php\/wp-json\/wp\/v2\/product_tag?post=10211"}],"curies":[{"name":"wp","href":"https:\/\/api.w.org\/{rel}","templated":true}]}}