{"id":4335,"date":"2022-06-14T14:52:45","date_gmt":"2022-06-14T12:52:45","guid":{"rendered":"https:\/\/laguidaelettrica.it\/index.php\/prodotto\/sonda-in-acciaio-inox-larobusta-15m-d32mm\/"},"modified":"2023-03-22T12:02:04","modified_gmt":"2023-03-22T11:02:04","slug":"sonda-in-acciaio-inox-larobusta-15m-d32mm","status":"publish","type":"product","link":"https:\/\/laguidaelettrica.it\/index.php\/prodotto\/sonda-in-acciaio-inox-larobusta-15m-d32mm\/","title":{"rendered":"OF32005&#8211;SONDA IN ACCIAIO INOX LA ROBUSTA 15m \u00d83,3mm"},"content":{"rendered":"<p>LA ROBUSTA, la novit\u00e0 nel campo delle sonde infilatubo! Massima potenza in soli 3,3mm di diametro! La ROBUSTA \u00e8 frutto di una ricerca volta a realizzare una sonda con una maggiore forza di spinta rispetto ai prodotti tradizionali ma che abbia allo stesso tempo un diametro inferiore. Nasce dall\u2019intreccio di tre cavi in acciaio inox che gli conferiscono un\u2019elevata<\/p>\n<p>forza di spinta. Una forza superiore rispetto a quella ottenibile con l\u2019uso dei materiali tradizioni come nylon, polipropilene di pari diametro. Inoltre, la sua caratteristica di essere intrecciata, gli conferisce un\u2019eccellete flessibilit\u00e0. Una riduzione dell\u2019ingombro nel tubo del 34%! Con soli 3,3mm di diametro si ottiene una forza di spinta pari alla forza generata da una sonda da 5mm di diametro. Lunga usabilit\u00e0! Il rivestimento \u00e8 in nylon. Un materiale che oltre a garantire una scorrevolezza superiore all\u2019interno del tubo, garantisce anche una pi\u00f9 lunga durata nel tempo. Il nylon a differenza del polipropilene con cui sono rivestite sonde similari in commercio, non si crepa e non si sgretola facilmente con l\u2019uso.<\/p>\n<p>Diametro: 3,3 mm<\/p>\n<p>Rivestimento: in Nylon<\/p>\n<p>Corpo: acciaio inox intrecciato<\/p>\n<p>In dotazione n. 1 testa flessibile e n. 1 terminale ad occhiello<\/p>\n","protected":false},"excerpt":{"rendered":"<p>LA ROBUSTA, la novit\u00e0 nel campo delle sonde infilatubo! Massima  [&#8230;]<\/p>\n","protected":false},"featured_media":7335,"template":"","meta":[],"product_brand":[],"product_cat":[89],"product_tag":[1510],"class_list":{"0":"post-4335","1":"product","2":"type-product","3":"status-publish","4":"has-post-thumbnail","6":"product_cat-sonde","7":"product_tag-le-officine","9":"first","10":"instock","11":"shipping-taxable","12":"product-type-simple"},"yoast_head":"<!-- This site is optimized with the Yoast SEO plugin v27.3 - https:\/\/yoast.com\/product\/yoast-seo-wordpress\/ -->\n<title>OF32005-SONDA IN ACCIAIO INOX LA ROBUSTA 15m \u00d83,3mm - La Guida Elettrica<\/title>\n<meta name=\"robots\" content=\"index, follow, max-snippet:-1, max-image-preview:large, max-video-preview:-1\" \/>\n<link rel=\"canonical\" href=\"https:\/\/laguidaelettrica.it\/index.php\/prodotto\/sonda-in-acciaio-inox-larobusta-15m-d32mm\/\" \/>\n<meta property=\"og:locale\" content=\"it_IT\" \/>\n<meta property=\"og:type\" content=\"article\" \/>\n<meta property=\"og:title\" content=\"OF32005-SONDA IN ACCIAIO INOX LA ROBUSTA 15m \u00d83,3mm - La Guida Elettrica\" \/>\n<meta property=\"og:description\" content=\"LA ROBUSTA, la novit\u00e0 nel campo delle sonde infilatubo! Massima [...]\" \/>\n<meta property=\"og:url\" content=\"https:\/\/laguidaelettrica.it\/index.php\/prodotto\/sonda-in-acciaio-inox-larobusta-15m-d32mm\/\" \/>\n<meta property=\"og:site_name\" content=\"La Guida Elettrica\" \/>\n<meta property=\"article:publisher\" content=\"https:\/\/www.facebook.com\/GliElettriciMC\" \/>\n<meta property=\"article:modified_time\" content=\"2023-03-22T11:02:04+00:00\" \/>\n<meta property=\"og:image\" content=\"https:\/\/laguidaelettrica.it\/wp-content\/uploads\/2022\/06\/OF32005.jpg\" \/>\n\t<meta property=\"og:image:width\" content=\"600\" \/>\n\t<meta property=\"og:image:height\" content=\"600\" \/>\n\t<meta property=\"og:image:type\" content=\"image\/jpeg\" \/>\n<meta name=\"twitter:card\" content=\"summary_large_image\" \/>\n<meta name=\"twitter:label1\" content=\"Tempo di lettura stimato\" \/>\n\t<meta name=\"twitter:data1\" content=\"2 minuti\" \/>\n<script type=\"application\/ld+json\" class=\"yoast-schema-graph\">{\"@context\":\"https:\\\/\\\/schema.org\",\"@graph\":[{\"@type\":\"WebPage\",\"@id\":\"https:\\\/\\\/laguidaelettrica.it\\\/index.php\\\/prodotto\\\/sonda-in-acciaio-inox-larobusta-15m-d32mm\\\/\",\"url\":\"https:\\\/\\\/laguidaelettrica.it\\\/index.php\\\/prodotto\\\/sonda-in-acciaio-inox-larobusta-15m-d32mm\\\/\",\"name\":\"OF32005-SONDA IN ACCIAIO INOX LA ROBUSTA 15m \u00d83,3mm - La Guida Elettrica\",\"isPartOf\":{\"@id\":\"https:\\\/\\\/laguidaelettrica.it\\\/#website\"},\"primaryImageOfPage\":{\"@id\":\"https:\\\/\\\/laguidaelettrica.it\\\/index.php\\\/prodotto\\\/sonda-in-acciaio-inox-larobusta-15m-d32mm\\\/#primaryimage\"},\"image\":{\"@id\":\"https:\\\/\\\/laguidaelettrica.it\\\/index.php\\\/prodotto\\\/sonda-in-acciaio-inox-larobusta-15m-d32mm\\\/#primaryimage\"},\"thumbnailUrl\":\"https:\\\/\\\/laguidaelettrica.it\\\/wp-content\\\/uploads\\\/2022\\\/06\\\/OF32005.jpg\",\"datePublished\":\"2022-06-14T12:52:45+00:00\",\"dateModified\":\"2023-03-22T11:02:04+00:00\",\"breadcrumb\":{\"@id\":\"https:\\\/\\\/laguidaelettrica.it\\\/index.php\\\/prodotto\\\/sonda-in-acciaio-inox-larobusta-15m-d32mm\\\/#breadcrumb\"},\"inLanguage\":\"it-IT\",\"potentialAction\":[{\"@type\":\"ReadAction\",\"target\":[\"https:\\\/\\\/laguidaelettrica.it\\\/index.php\\\/prodotto\\\/sonda-in-acciaio-inox-larobusta-15m-d32mm\\\/\"]}]},{\"@type\":\"ImageObject\",\"inLanguage\":\"it-IT\",\"@id\":\"https:\\\/\\\/laguidaelettrica.it\\\/index.php\\\/prodotto\\\/sonda-in-acciaio-inox-larobusta-15m-d32mm\\\/#primaryimage\",\"url\":\"https:\\\/\\\/laguidaelettrica.it\\\/wp-content\\\/uploads\\\/2022\\\/06\\\/OF32005.jpg\",\"contentUrl\":\"https:\\\/\\\/laguidaelettrica.it\\\/wp-content\\\/uploads\\\/2022\\\/06\\\/OF32005.jpg\",\"width\":600,\"height\":600},{\"@type\":\"BreadcrumbList\",\"@id\":\"https:\\\/\\\/laguidaelettrica.it\\\/index.php\\\/prodotto\\\/sonda-in-acciaio-inox-larobusta-15m-d32mm\\\/#breadcrumb\",\"itemListElement\":[{\"@type\":\"ListItem\",\"position\":1,\"name\":\"Home\",\"item\":\"https:\\\/\\\/laguidaelettrica.it\\\/\"},{\"@type\":\"ListItem\",\"position\":2,\"name\":\"La Guida Elettrica &#8211; Prodotti\",\"item\":\"https:\\\/\\\/laguidaelettrica.it\\\/index.php\\\/prodotti-2\\\/\"},{\"@type\":\"ListItem\",\"position\":3,\"name\":\"OF32005&#8211;SONDA IN ACCIAIO INOX LA ROBUSTA 15m \u00d83,3mm\"}]},{\"@type\":\"WebSite\",\"@id\":\"https:\\\/\\\/laguidaelettrica.it\\\/#website\",\"url\":\"https:\\\/\\\/laguidaelettrica.it\\\/\",\"name\":\"La Guida Elettrica\",\"description\":\"I migliori prodotti per gli elettricisti\",\"publisher\":{\"@id\":\"https:\\\/\\\/laguidaelettrica.it\\\/#organization\"},\"potentialAction\":[{\"@type\":\"SearchAction\",\"target\":{\"@type\":\"EntryPoint\",\"urlTemplate\":\"https:\\\/\\\/laguidaelettrica.it\\\/?s={search_term_string}\"},\"query-input\":{\"@type\":\"PropertyValueSpecification\",\"valueRequired\":true,\"valueName\":\"search_term_string\"}}],\"inLanguage\":\"it-IT\"},{\"@type\":\"Organization\",\"@id\":\"https:\\\/\\\/laguidaelettrica.it\\\/#organization\",\"name\":\"Gli Elettrici\",\"url\":\"https:\\\/\\\/laguidaelettrica.it\\\/\",\"logo\":{\"@type\":\"ImageObject\",\"inLanguage\":\"it-IT\",\"@id\":\"https:\\\/\\\/laguidaelettrica.it\\\/#\\\/schema\\\/logo\\\/image\\\/\",\"url\":\"https:\\\/\\\/laguidaelettrica.it\\\/wp-content\\\/uploads\\\/2022\\\/07\\\/Gli-elettrici-energia-alternativa.jpg\",\"contentUrl\":\"https:\\\/\\\/laguidaelettrica.it\\\/wp-content\\\/uploads\\\/2022\\\/07\\\/Gli-elettrici-energia-alternativa.jpg\",\"width\":399,\"height\":109,\"caption\":\"Gli Elettrici\"},\"image\":{\"@id\":\"https:\\\/\\\/laguidaelettrica.it\\\/#\\\/schema\\\/logo\\\/image\\\/\"},\"sameAs\":[\"https:\\\/\\\/www.facebook.com\\\/GliElettriciMC\",\"https:\\\/\\\/www.instagram.com\\\/GliElettrici\\\/\",\"https:\\\/\\\/www.youtube.com\\\/channel\\\/UC0Sdag04NMAUB1HBlhatDLg\"]}]}<\/script>\n<!-- \/ Yoast SEO plugin. -->","yoast_head_json":{"title":"OF32005-SONDA IN ACCIAIO INOX LA ROBUSTA 15m \u00d83,3mm - La Guida Elettrica","robots":{"index":"index","follow":"follow","max-snippet":"max-snippet:-1","max-image-preview":"max-image-preview:large","max-video-preview":"max-video-preview:-1"},"canonical":"https:\/\/laguidaelettrica.it\/index.php\/prodotto\/sonda-in-acciaio-inox-larobusta-15m-d32mm\/","og_locale":"it_IT","og_type":"article","og_title":"OF32005-SONDA IN ACCIAIO INOX LA ROBUSTA 15m \u00d83,3mm - La Guida Elettrica","og_description":"LA ROBUSTA, la novit\u00e0 nel campo delle sonde infilatubo! Massima [...]","og_url":"https:\/\/laguidaelettrica.it\/index.php\/prodotto\/sonda-in-acciaio-inox-larobusta-15m-d32mm\/","og_site_name":"La Guida Elettrica","article_publisher":"https:\/\/www.facebook.com\/GliElettriciMC","article_modified_time":"2023-03-22T11:02:04+00:00","og_image":[{"width":600,"height":600,"url":"https:\/\/laguidaelettrica.it\/wp-content\/uploads\/2022\/06\/OF32005.jpg","type":"image\/jpeg"}],"twitter_card":"summary_large_image","twitter_misc":{"Tempo di lettura stimato":"2 minuti"},"schema":{"@context":"https:\/\/schema.org","@graph":[{"@type":"WebPage","@id":"https:\/\/laguidaelettrica.it\/index.php\/prodotto\/sonda-in-acciaio-inox-larobusta-15m-d32mm\/","url":"https:\/\/laguidaelettrica.it\/index.php\/prodotto\/sonda-in-acciaio-inox-larobusta-15m-d32mm\/","name":"OF32005-SONDA IN ACCIAIO INOX LA ROBUSTA 15m \u00d83,3mm - La Guida Elettrica","isPartOf":{"@id":"https:\/\/laguidaelettrica.it\/#website"},"primaryImageOfPage":{"@id":"https:\/\/laguidaelettrica.it\/index.php\/prodotto\/sonda-in-acciaio-inox-larobusta-15m-d32mm\/#primaryimage"},"image":{"@id":"https:\/\/laguidaelettrica.it\/index.php\/prodotto\/sonda-in-acciaio-inox-larobusta-15m-d32mm\/#primaryimage"},"thumbnailUrl":"https:\/\/laguidaelettrica.it\/wp-content\/uploads\/2022\/06\/OF32005.jpg","datePublished":"2022-06-14T12:52:45+00:00","dateModified":"2023-03-22T11:02:04+00:00","breadcrumb":{"@id":"https:\/\/laguidaelettrica.it\/index.php\/prodotto\/sonda-in-acciaio-inox-larobusta-15m-d32mm\/#breadcrumb"},"inLanguage":"it-IT","potentialAction":[{"@type":"ReadAction","target":["https:\/\/laguidaelettrica.it\/index.php\/prodotto\/sonda-in-acciaio-inox-larobusta-15m-d32mm\/"]}]},{"@type":"ImageObject","inLanguage":"it-IT","@id":"https:\/\/laguidaelettrica.it\/index.php\/prodotto\/sonda-in-acciaio-inox-larobusta-15m-d32mm\/#primaryimage","url":"https:\/\/laguidaelettrica.it\/wp-content\/uploads\/2022\/06\/OF32005.jpg","contentUrl":"https:\/\/laguidaelettrica.it\/wp-content\/uploads\/2022\/06\/OF32005.jpg","width":600,"height":600},{"@type":"BreadcrumbList","@id":"https:\/\/laguidaelettrica.it\/index.php\/prodotto\/sonda-in-acciaio-inox-larobusta-15m-d32mm\/#breadcrumb","itemListElement":[{"@type":"ListItem","position":1,"name":"Home","item":"https:\/\/laguidaelettrica.it\/"},{"@type":"ListItem","position":2,"name":"La Guida Elettrica &#8211; Prodotti","item":"https:\/\/laguidaelettrica.it\/index.php\/prodotti-2\/"},{"@type":"ListItem","position":3,"name":"OF32005&#8211;SONDA IN ACCIAIO INOX LA ROBUSTA 15m \u00d83,3mm"}]},{"@type":"WebSite","@id":"https:\/\/laguidaelettrica.it\/#website","url":"https:\/\/laguidaelettrica.it\/","name":"La Guida Elettrica","description":"I migliori prodotti per gli elettricisti","publisher":{"@id":"https:\/\/laguidaelettrica.it\/#organization"},"potentialAction":[{"@type":"SearchAction","target":{"@type":"EntryPoint","urlTemplate":"https:\/\/laguidaelettrica.it\/?s={search_term_string}"},"query-input":{"@type":"PropertyValueSpecification","valueRequired":true,"valueName":"search_term_string"}}],"inLanguage":"it-IT"},{"@type":"Organization","@id":"https:\/\/laguidaelettrica.it\/#organization","name":"Gli Elettrici","url":"https:\/\/laguidaelettrica.it\/","logo":{"@type":"ImageObject","inLanguage":"it-IT","@id":"https:\/\/laguidaelettrica.it\/#\/schema\/logo\/image\/","url":"https:\/\/laguidaelettrica.it\/wp-content\/uploads\/2022\/07\/Gli-elettrici-energia-alternativa.jpg","contentUrl":"https:\/\/laguidaelettrica.it\/wp-content\/uploads\/2022\/07\/Gli-elettrici-energia-alternativa.jpg","width":399,"height":109,"caption":"Gli Elettrici"},"image":{"@id":"https:\/\/laguidaelettrica.it\/#\/schema\/logo\/image\/"},"sameAs":["https:\/\/www.facebook.com\/GliElettriciMC","https:\/\/www.instagram.com\/GliElettrici\/","https:\/\/www.youtube.com\/channel\/UC0Sdag04NMAUB1HBlhatDLg"]}]}},"jetpack_sharing_enabled":true,"_links":{"self":[{"href":"https:\/\/laguidaelettrica.it\/index.php\/wp-json\/wp\/v2\/product\/4335","targetHints":{"allow":["GET"]}}],"collection":[{"href":"https:\/\/laguidaelettrica.it\/index.php\/wp-json\/wp\/v2\/product"}],"about":[{"href":"https:\/\/laguidaelettrica.it\/index.php\/wp-json\/wp\/v2\/types\/product"}],"wp:featuredmedia":[{"embeddable":true,"href":"https:\/\/laguidaelettrica.it\/index.php\/wp-json\/wp\/v2\/media\/7335"}],"wp:attachment":[{"href":"https:\/\/laguidaelettrica.it\/index.php\/wp-json\/wp\/v2\/media?parent=4335"}],"wp:term":[{"taxonomy":"product_brand","embeddable":true,"href":"https:\/\/laguidaelettrica.it\/index.php\/wp-json\/wp\/v2\/product_brand?post=4335"},{"taxonomy":"product_cat","embeddable":true,"href":"https:\/\/laguidaelettrica.it\/index.php\/wp-json\/wp\/v2\/product_cat?post=4335"},{"taxonomy":"product_tag","embeddable":true,"href":"https:\/\/laguidaelettrica.it\/index.php\/wp-json\/wp\/v2\/product_tag?post=4335"}],"curies":[{"name":"wp","href":"https:\/\/api.w.org\/{rel}","templated":true}]}}