{"id":4344,"date":"2022-06-14T14:52:46","date_gmt":"2022-06-14T12:52:46","guid":{"rendered":"https:\/\/laguidaelettrica.it\/index.php\/prodotto\/sonda-fibra-vetro-o-9mm-80m-aspo-verticale\/"},"modified":"2023-03-22T12:02:05","modified_gmt":"2023-03-22T11:02:05","slug":"sonda-fibra-vetro-o-9mm-80m-aspo-verticale","status":"publish","type":"product","link":"https:\/\/laguidaelettrica.it\/index.php\/prodotto\/sonda-fibra-vetro-o-9mm-80m-aspo-verticale\/","title":{"rendered":"31998&#8211;Sonda fibra vetro \u00d8 9mm 80m aspo verticale"},"content":{"rendered":"<p>Le sonde in fibra di vetro (rivestimento in nylon e un\u2019anima in fibra) su aspo verticale, offrono una buona flessibilit\u00e0 ed elasticit\u00e0 in un prodotto delicato per antonomasia. Il materiale ideale per forza di introduzione e i lavori pi\u00f9 delicati. Le caratteristiche pi\u00f9 importanti nella scelta di una sonda su aspo verticale passacavo sono:<\/p>\n<p><strong>La lunghezza<\/strong><\/p>\n<p>Risulta corretto scegliere una sonda passacavo che sia di 3-5 m pi\u00f9 lunga del cavidotto su cui si intende lavorare perch\u00e8 in prossimit\u00e0 delle curve la sonda subisce un<\/p>\n<p>effetto di compressione.<\/p>\n<p><strong>Il diametro<\/strong><\/p>\n<p>Il diametro della sonda su aspo verticale \u00e8 determinante per l\u2019effetto di spinta e per la distanza massima che si pu\u00f2 raggiungere. Pi\u00f9 il cavidotto \u00e8 lungo e tortuoso, pi\u00f9 la sonda dovr\u00e0 essere lunga e con una grossa potenza di spinta. Tuttavia, tanto maggiore \u00e8 il diametro della sonda e tanto meno flessibile diventa. Questo fa capire come sia fondamentale scegliere la corretta dimensione della sonda per avere il massimo beneficio. Generalmente vengono utilizzate le ogive iniziali con asola per tirare i cavi e i codoli testa flessibile con asola per introdurre i cavi.<\/p>\n<p>\u00c8 consigliabile l\u2019utilizzo di prodotti lubrificanti che agevolano l\u2019inserimento di sonde e cavi inguainati in cavidotti, riducendone l\u2019attrito.<\/p>\n","protected":false},"excerpt":{"rendered":"<p>Le sonde in fibra di vetro (rivestimento in nylon e  [&#8230;]<\/p>\n","protected":false},"featured_media":7294,"template":"","meta":[],"product_brand":[],"product_cat":[89],"product_tag":[1510],"class_list":{"0":"post-4344","1":"product","2":"type-product","3":"status-publish","4":"has-post-thumbnail","6":"product_cat-sonde","7":"product_tag-le-officine","9":"first","10":"instock","11":"shipping-taxable","12":"product-type-simple"},"yoast_head":"<!-- This site is optimized with the Yoast SEO plugin v27.3 - https:\/\/yoast.com\/product\/yoast-seo-wordpress\/ -->\n<title>31998-Sonda fibra vetro \u00d8 9mm 80m aspo verticale - La Guida Elettrica<\/title>\n<meta name=\"robots\" content=\"index, follow, max-snippet:-1, max-image-preview:large, max-video-preview:-1\" \/>\n<link rel=\"canonical\" href=\"https:\/\/laguidaelettrica.it\/index.php\/prodotto\/sonda-fibra-vetro-o-9mm-80m-aspo-verticale\/\" \/>\n<meta property=\"og:locale\" content=\"it_IT\" \/>\n<meta property=\"og:type\" content=\"article\" \/>\n<meta property=\"og:title\" content=\"31998-Sonda fibra vetro \u00d8 9mm 80m aspo verticale - La Guida Elettrica\" \/>\n<meta property=\"og:description\" content=\"Le sonde in fibra di vetro (rivestimento in nylon e [...]\" \/>\n<meta property=\"og:url\" content=\"https:\/\/laguidaelettrica.it\/index.php\/prodotto\/sonda-fibra-vetro-o-9mm-80m-aspo-verticale\/\" \/>\n<meta property=\"og:site_name\" content=\"La Guida Elettrica\" \/>\n<meta property=\"article:publisher\" content=\"https:\/\/www.facebook.com\/GliElettriciMC\" \/>\n<meta property=\"article:modified_time\" content=\"2023-03-22T11:02:05+00:00\" \/>\n<meta property=\"og:image\" content=\"https:\/\/laguidaelettrica.it\/wp-content\/uploads\/2022\/06\/31998.jpg\" \/>\n\t<meta property=\"og:image:width\" content=\"600\" \/>\n\t<meta property=\"og:image:height\" content=\"600\" \/>\n\t<meta property=\"og:image:type\" content=\"image\/jpeg\" \/>\n<meta name=\"twitter:card\" content=\"summary_large_image\" \/>\n<script type=\"application\/ld+json\" class=\"yoast-schema-graph\">{\"@context\":\"https:\\\/\\\/schema.org\",\"@graph\":[{\"@type\":\"WebPage\",\"@id\":\"https:\\\/\\\/laguidaelettrica.it\\\/index.php\\\/prodotto\\\/sonda-fibra-vetro-o-9mm-80m-aspo-verticale\\\/\",\"url\":\"https:\\\/\\\/laguidaelettrica.it\\\/index.php\\\/prodotto\\\/sonda-fibra-vetro-o-9mm-80m-aspo-verticale\\\/\",\"name\":\"31998-Sonda fibra vetro \u00d8 9mm 80m aspo verticale - La Guida Elettrica\",\"isPartOf\":{\"@id\":\"https:\\\/\\\/laguidaelettrica.it\\\/#website\"},\"primaryImageOfPage\":{\"@id\":\"https:\\\/\\\/laguidaelettrica.it\\\/index.php\\\/prodotto\\\/sonda-fibra-vetro-o-9mm-80m-aspo-verticale\\\/#primaryimage\"},\"image\":{\"@id\":\"https:\\\/\\\/laguidaelettrica.it\\\/index.php\\\/prodotto\\\/sonda-fibra-vetro-o-9mm-80m-aspo-verticale\\\/#primaryimage\"},\"thumbnailUrl\":\"https:\\\/\\\/laguidaelettrica.it\\\/wp-content\\\/uploads\\\/2022\\\/06\\\/31998.jpg\",\"datePublished\":\"2022-06-14T12:52:46+00:00\",\"dateModified\":\"2023-03-22T11:02:05+00:00\",\"breadcrumb\":{\"@id\":\"https:\\\/\\\/laguidaelettrica.it\\\/index.php\\\/prodotto\\\/sonda-fibra-vetro-o-9mm-80m-aspo-verticale\\\/#breadcrumb\"},\"inLanguage\":\"it-IT\",\"potentialAction\":[{\"@type\":\"ReadAction\",\"target\":[\"https:\\\/\\\/laguidaelettrica.it\\\/index.php\\\/prodotto\\\/sonda-fibra-vetro-o-9mm-80m-aspo-verticale\\\/\"]}]},{\"@type\":\"ImageObject\",\"inLanguage\":\"it-IT\",\"@id\":\"https:\\\/\\\/laguidaelettrica.it\\\/index.php\\\/prodotto\\\/sonda-fibra-vetro-o-9mm-80m-aspo-verticale\\\/#primaryimage\",\"url\":\"https:\\\/\\\/laguidaelettrica.it\\\/wp-content\\\/uploads\\\/2022\\\/06\\\/31998.jpg\",\"contentUrl\":\"https:\\\/\\\/laguidaelettrica.it\\\/wp-content\\\/uploads\\\/2022\\\/06\\\/31998.jpg\",\"width\":600,\"height\":600},{\"@type\":\"BreadcrumbList\",\"@id\":\"https:\\\/\\\/laguidaelettrica.it\\\/index.php\\\/prodotto\\\/sonda-fibra-vetro-o-9mm-80m-aspo-verticale\\\/#breadcrumb\",\"itemListElement\":[{\"@type\":\"ListItem\",\"position\":1,\"name\":\"Home\",\"item\":\"https:\\\/\\\/laguidaelettrica.it\\\/\"},{\"@type\":\"ListItem\",\"position\":2,\"name\":\"La Guida Elettrica &#8211; Prodotti\",\"item\":\"https:\\\/\\\/laguidaelettrica.it\\\/index.php\\\/prodotti-2\\\/\"},{\"@type\":\"ListItem\",\"position\":3,\"name\":\"31998&#8211;Sonda fibra vetro \u00d8 9mm 80m aspo verticale\"}]},{\"@type\":\"WebSite\",\"@id\":\"https:\\\/\\\/laguidaelettrica.it\\\/#website\",\"url\":\"https:\\\/\\\/laguidaelettrica.it\\\/\",\"name\":\"La Guida Elettrica\",\"description\":\"I migliori prodotti per gli elettricisti\",\"publisher\":{\"@id\":\"https:\\\/\\\/laguidaelettrica.it\\\/#organization\"},\"potentialAction\":[{\"@type\":\"SearchAction\",\"target\":{\"@type\":\"EntryPoint\",\"urlTemplate\":\"https:\\\/\\\/laguidaelettrica.it\\\/?s={search_term_string}\"},\"query-input\":{\"@type\":\"PropertyValueSpecification\",\"valueRequired\":true,\"valueName\":\"search_term_string\"}}],\"inLanguage\":\"it-IT\"},{\"@type\":\"Organization\",\"@id\":\"https:\\\/\\\/laguidaelettrica.it\\\/#organization\",\"name\":\"Gli Elettrici\",\"url\":\"https:\\\/\\\/laguidaelettrica.it\\\/\",\"logo\":{\"@type\":\"ImageObject\",\"inLanguage\":\"it-IT\",\"@id\":\"https:\\\/\\\/laguidaelettrica.it\\\/#\\\/schema\\\/logo\\\/image\\\/\",\"url\":\"https:\\\/\\\/laguidaelettrica.it\\\/wp-content\\\/uploads\\\/2022\\\/07\\\/Gli-elettrici-energia-alternativa.jpg\",\"contentUrl\":\"https:\\\/\\\/laguidaelettrica.it\\\/wp-content\\\/uploads\\\/2022\\\/07\\\/Gli-elettrici-energia-alternativa.jpg\",\"width\":399,\"height\":109,\"caption\":\"Gli Elettrici\"},\"image\":{\"@id\":\"https:\\\/\\\/laguidaelettrica.it\\\/#\\\/schema\\\/logo\\\/image\\\/\"},\"sameAs\":[\"https:\\\/\\\/www.facebook.com\\\/GliElettriciMC\",\"https:\\\/\\\/www.instagram.com\\\/GliElettrici\\\/\",\"https:\\\/\\\/www.youtube.com\\\/channel\\\/UC0Sdag04NMAUB1HBlhatDLg\"]}]}<\/script>\n<!-- \/ Yoast SEO plugin. -->","yoast_head_json":{"title":"31998-Sonda fibra vetro \u00d8 9mm 80m aspo verticale - La Guida Elettrica","robots":{"index":"index","follow":"follow","max-snippet":"max-snippet:-1","max-image-preview":"max-image-preview:large","max-video-preview":"max-video-preview:-1"},"canonical":"https:\/\/laguidaelettrica.it\/index.php\/prodotto\/sonda-fibra-vetro-o-9mm-80m-aspo-verticale\/","og_locale":"it_IT","og_type":"article","og_title":"31998-Sonda fibra vetro \u00d8 9mm 80m aspo verticale - La Guida Elettrica","og_description":"Le sonde in fibra di vetro (rivestimento in nylon e [...]","og_url":"https:\/\/laguidaelettrica.it\/index.php\/prodotto\/sonda-fibra-vetro-o-9mm-80m-aspo-verticale\/","og_site_name":"La Guida Elettrica","article_publisher":"https:\/\/www.facebook.com\/GliElettriciMC","article_modified_time":"2023-03-22T11:02:05+00:00","og_image":[{"width":600,"height":600,"url":"https:\/\/laguidaelettrica.it\/wp-content\/uploads\/2022\/06\/31998.jpg","type":"image\/jpeg"}],"twitter_card":"summary_large_image","schema":{"@context":"https:\/\/schema.org","@graph":[{"@type":"WebPage","@id":"https:\/\/laguidaelettrica.it\/index.php\/prodotto\/sonda-fibra-vetro-o-9mm-80m-aspo-verticale\/","url":"https:\/\/laguidaelettrica.it\/index.php\/prodotto\/sonda-fibra-vetro-o-9mm-80m-aspo-verticale\/","name":"31998-Sonda fibra vetro \u00d8 9mm 80m aspo verticale - La Guida Elettrica","isPartOf":{"@id":"https:\/\/laguidaelettrica.it\/#website"},"primaryImageOfPage":{"@id":"https:\/\/laguidaelettrica.it\/index.php\/prodotto\/sonda-fibra-vetro-o-9mm-80m-aspo-verticale\/#primaryimage"},"image":{"@id":"https:\/\/laguidaelettrica.it\/index.php\/prodotto\/sonda-fibra-vetro-o-9mm-80m-aspo-verticale\/#primaryimage"},"thumbnailUrl":"https:\/\/laguidaelettrica.it\/wp-content\/uploads\/2022\/06\/31998.jpg","datePublished":"2022-06-14T12:52:46+00:00","dateModified":"2023-03-22T11:02:05+00:00","breadcrumb":{"@id":"https:\/\/laguidaelettrica.it\/index.php\/prodotto\/sonda-fibra-vetro-o-9mm-80m-aspo-verticale\/#breadcrumb"},"inLanguage":"it-IT","potentialAction":[{"@type":"ReadAction","target":["https:\/\/laguidaelettrica.it\/index.php\/prodotto\/sonda-fibra-vetro-o-9mm-80m-aspo-verticale\/"]}]},{"@type":"ImageObject","inLanguage":"it-IT","@id":"https:\/\/laguidaelettrica.it\/index.php\/prodotto\/sonda-fibra-vetro-o-9mm-80m-aspo-verticale\/#primaryimage","url":"https:\/\/laguidaelettrica.it\/wp-content\/uploads\/2022\/06\/31998.jpg","contentUrl":"https:\/\/laguidaelettrica.it\/wp-content\/uploads\/2022\/06\/31998.jpg","width":600,"height":600},{"@type":"BreadcrumbList","@id":"https:\/\/laguidaelettrica.it\/index.php\/prodotto\/sonda-fibra-vetro-o-9mm-80m-aspo-verticale\/#breadcrumb","itemListElement":[{"@type":"ListItem","position":1,"name":"Home","item":"https:\/\/laguidaelettrica.it\/"},{"@type":"ListItem","position":2,"name":"La Guida Elettrica &#8211; Prodotti","item":"https:\/\/laguidaelettrica.it\/index.php\/prodotti-2\/"},{"@type":"ListItem","position":3,"name":"31998&#8211;Sonda fibra vetro \u00d8 9mm 80m aspo verticale"}]},{"@type":"WebSite","@id":"https:\/\/laguidaelettrica.it\/#website","url":"https:\/\/laguidaelettrica.it\/","name":"La Guida Elettrica","description":"I migliori prodotti per gli elettricisti","publisher":{"@id":"https:\/\/laguidaelettrica.it\/#organization"},"potentialAction":[{"@type":"SearchAction","target":{"@type":"EntryPoint","urlTemplate":"https:\/\/laguidaelettrica.it\/?s={search_term_string}"},"query-input":{"@type":"PropertyValueSpecification","valueRequired":true,"valueName":"search_term_string"}}],"inLanguage":"it-IT"},{"@type":"Organization","@id":"https:\/\/laguidaelettrica.it\/#organization","name":"Gli Elettrici","url":"https:\/\/laguidaelettrica.it\/","logo":{"@type":"ImageObject","inLanguage":"it-IT","@id":"https:\/\/laguidaelettrica.it\/#\/schema\/logo\/image\/","url":"https:\/\/laguidaelettrica.it\/wp-content\/uploads\/2022\/07\/Gli-elettrici-energia-alternativa.jpg","contentUrl":"https:\/\/laguidaelettrica.it\/wp-content\/uploads\/2022\/07\/Gli-elettrici-energia-alternativa.jpg","width":399,"height":109,"caption":"Gli Elettrici"},"image":{"@id":"https:\/\/laguidaelettrica.it\/#\/schema\/logo\/image\/"},"sameAs":["https:\/\/www.facebook.com\/GliElettriciMC","https:\/\/www.instagram.com\/GliElettrici\/","https:\/\/www.youtube.com\/channel\/UC0Sdag04NMAUB1HBlhatDLg"]}]}},"jetpack_sharing_enabled":true,"_links":{"self":[{"href":"https:\/\/laguidaelettrica.it\/index.php\/wp-json\/wp\/v2\/product\/4344","targetHints":{"allow":["GET"]}}],"collection":[{"href":"https:\/\/laguidaelettrica.it\/index.php\/wp-json\/wp\/v2\/product"}],"about":[{"href":"https:\/\/laguidaelettrica.it\/index.php\/wp-json\/wp\/v2\/types\/product"}],"wp:featuredmedia":[{"embeddable":true,"href":"https:\/\/laguidaelettrica.it\/index.php\/wp-json\/wp\/v2\/media\/7294"}],"wp:attachment":[{"href":"https:\/\/laguidaelettrica.it\/index.php\/wp-json\/wp\/v2\/media?parent=4344"}],"wp:term":[{"taxonomy":"product_brand","embeddable":true,"href":"https:\/\/laguidaelettrica.it\/index.php\/wp-json\/wp\/v2\/product_brand?post=4344"},{"taxonomy":"product_cat","embeddable":true,"href":"https:\/\/laguidaelettrica.it\/index.php\/wp-json\/wp\/v2\/product_cat?post=4344"},{"taxonomy":"product_tag","embeddable":true,"href":"https:\/\/laguidaelettrica.it\/index.php\/wp-json\/wp\/v2\/product_tag?post=4344"}],"curies":[{"name":"wp","href":"https:\/\/api.w.org\/{rel}","templated":true}]}}