{"id":5632,"date":"2022-06-15T11:03:06","date_gmt":"2022-06-15T09:03:06","guid":{"rendered":"https:\/\/laguidaelettrica.it\/index.php\/prodotto\/proiet-led-50w-346adriatico-bianco\/"},"modified":"2025-10-14T16:57:04","modified_gmt":"2025-10-14T14:57:04","slug":"proiet-led-50w-346adriatico-bianco","status":"publish","type":"product","link":"https:\/\/laguidaelettrica.it\/index.php\/prodotto\/proiet-led-50w-346adriatico-bianco\/","title":{"rendered":"IO630725&#8211;Proiettore led 50W  346 ADRIATICO BIANCO"},"content":{"rendered":"<p>I proiettori Led Adriatico sono la sintesi del meglio si possa trovare sul mercato. Spiccano per la linea moderna e gradevole, sono tecnologicamente evoluti e sono costruiti per durare nel tempo. La presenza di un pulsante posto nella parte inferiore del faretto offre la possibilit\u00e0 di variare il colore della luce emessa, passando da una luce calda ad una luce naturale fino ad arrivare ad una luce fredda. Il dispositivo mantiene in memoria l\u2019ultimo colore di luce selezionato cos\u00ec che, anche in caso di spegnimento o di blackout, alla riaccensione la luce non varier\u00e0. Sono realizzati per garantire affidabilit\u00e0 e stabilit\u00e0 tempo, ne \u00e8 un dettaglio a riprova la presenza di una valvola anticondensa di compensazione e riciclo dell\u2019aria che assicura all\u2019interno del proiettore, condizioni di funzionamento sempre ottimali che si traducono in una vita pi\u00f9 lunga del prodotto. L\u2019istallazione facile \u00e8 un altro punto di forza di Adriatico. La presenza di un cavo da 50cm e di un connettore rapido mettono l\u2019installatore in condizioni di affrontare il 90% delle installazioni. Disponibile anche in versione con PIR , che attiva il proiettore solamente al passaggio di una persona e con crepuscolare che si occupa di accendere e spegnere il proiettore al tramonto e all\u2019alba non appena si raggiunge una soglia di luminosit\u00e0 ambientale predefinita.<\/p>\n<p>Colori disponibili:<\/p>\n<p>Bianco, Nero.<\/p>\n","protected":false},"excerpt":{"rendered":"<p>I proiettori Led Adriatico sono la sintesi del meglio si  [&#8230;]<\/p>\n","protected":false},"featured_media":9327,"template":"","meta":[],"product_brand":[],"product_cat":[203,1768],"product_tag":[1526],"class_list":{"0":"post-5632","1":"product","2":"type-product","3":"status-publish","4":"has-post-thumbnail","6":"product_cat-proiettori-led","7":"product_cat-adriatico","8":"product_tag-iolume","10":"first","11":"outofstock","12":"shipping-taxable","13":"product-type-simple"},"yoast_head":"<!-- This site is optimized with the Yoast SEO plugin v27.3 - https:\/\/yoast.com\/product\/yoast-seo-wordpress\/ -->\n<title>IO630725-Proiettore led 50W 346 ADRIATICO BIANCO - La Guida Elettrica<\/title>\n<meta name=\"robots\" content=\"index, follow, max-snippet:-1, max-image-preview:large, max-video-preview:-1\" \/>\n<link rel=\"canonical\" href=\"https:\/\/laguidaelettrica.it\/index.php\/prodotto\/proiet-led-50w-346adriatico-bianco\/\" \/>\n<meta property=\"og:locale\" content=\"it_IT\" \/>\n<meta property=\"og:type\" content=\"article\" \/>\n<meta property=\"og:title\" content=\"IO630725-Proiettore led 50W 346 ADRIATICO BIANCO - La Guida Elettrica\" \/>\n<meta property=\"og:description\" content=\"I proiettori Led Adriatico sono la sintesi del meglio si [...]\" \/>\n<meta property=\"og:url\" content=\"https:\/\/laguidaelettrica.it\/index.php\/prodotto\/proiet-led-50w-346adriatico-bianco\/\" \/>\n<meta property=\"og:site_name\" content=\"La Guida Elettrica\" \/>\n<meta property=\"article:publisher\" content=\"https:\/\/www.facebook.com\/GliElettriciMC\" \/>\n<meta property=\"article:modified_time\" content=\"2025-10-14T14:57:04+00:00\" \/>\n<meta property=\"og:image\" content=\"https:\/\/laguidaelettrica.it\/wp-content\/uploads\/2022\/06\/IO630725.jpg\" \/>\n\t<meta property=\"og:image:width\" content=\"600\" \/>\n\t<meta property=\"og:image:height\" content=\"600\" \/>\n\t<meta property=\"og:image:type\" content=\"image\/jpeg\" \/>\n<meta name=\"twitter:card\" content=\"summary_large_image\" \/>\n<meta name=\"twitter:label1\" content=\"Tempo di lettura stimato\" \/>\n\t<meta name=\"twitter:data1\" content=\"2 minuti\" \/>\n<script type=\"application\/ld+json\" class=\"yoast-schema-graph\">{\"@context\":\"https:\\\/\\\/schema.org\",\"@graph\":[{\"@type\":\"WebPage\",\"@id\":\"https:\\\/\\\/laguidaelettrica.it\\\/index.php\\\/prodotto\\\/proiet-led-50w-346adriatico-bianco\\\/\",\"url\":\"https:\\\/\\\/laguidaelettrica.it\\\/index.php\\\/prodotto\\\/proiet-led-50w-346adriatico-bianco\\\/\",\"name\":\"IO630725-Proiettore led 50W 346 ADRIATICO BIANCO - La Guida Elettrica\",\"isPartOf\":{\"@id\":\"https:\\\/\\\/laguidaelettrica.it\\\/#website\"},\"primaryImageOfPage\":{\"@id\":\"https:\\\/\\\/laguidaelettrica.it\\\/index.php\\\/prodotto\\\/proiet-led-50w-346adriatico-bianco\\\/#primaryimage\"},\"image\":{\"@id\":\"https:\\\/\\\/laguidaelettrica.it\\\/index.php\\\/prodotto\\\/proiet-led-50w-346adriatico-bianco\\\/#primaryimage\"},\"thumbnailUrl\":\"https:\\\/\\\/laguidaelettrica.it\\\/wp-content\\\/uploads\\\/2022\\\/06\\\/IO630725.jpg\",\"datePublished\":\"2022-06-15T09:03:06+00:00\",\"dateModified\":\"2025-10-14T14:57:04+00:00\",\"breadcrumb\":{\"@id\":\"https:\\\/\\\/laguidaelettrica.it\\\/index.php\\\/prodotto\\\/proiet-led-50w-346adriatico-bianco\\\/#breadcrumb\"},\"inLanguage\":\"it-IT\",\"potentialAction\":[{\"@type\":\"ReadAction\",\"target\":[\"https:\\\/\\\/laguidaelettrica.it\\\/index.php\\\/prodotto\\\/proiet-led-50w-346adriatico-bianco\\\/\"]}]},{\"@type\":\"ImageObject\",\"inLanguage\":\"it-IT\",\"@id\":\"https:\\\/\\\/laguidaelettrica.it\\\/index.php\\\/prodotto\\\/proiet-led-50w-346adriatico-bianco\\\/#primaryimage\",\"url\":\"https:\\\/\\\/laguidaelettrica.it\\\/wp-content\\\/uploads\\\/2022\\\/06\\\/IO630725.jpg\",\"contentUrl\":\"https:\\\/\\\/laguidaelettrica.it\\\/wp-content\\\/uploads\\\/2022\\\/06\\\/IO630725.jpg\",\"width\":600,\"height\":600},{\"@type\":\"BreadcrumbList\",\"@id\":\"https:\\\/\\\/laguidaelettrica.it\\\/index.php\\\/prodotto\\\/proiet-led-50w-346adriatico-bianco\\\/#breadcrumb\",\"itemListElement\":[{\"@type\":\"ListItem\",\"position\":1,\"name\":\"Home\",\"item\":\"https:\\\/\\\/laguidaelettrica.it\\\/\"},{\"@type\":\"ListItem\",\"position\":2,\"name\":\"La Guida Elettrica &#8211; Prodotti\",\"item\":\"https:\\\/\\\/laguidaelettrica.it\\\/index.php\\\/prodotti-2\\\/\"},{\"@type\":\"ListItem\",\"position\":3,\"name\":\"IO630725&#8211;Proiettore led 50W 346 ADRIATICO BIANCO\"}]},{\"@type\":\"WebSite\",\"@id\":\"https:\\\/\\\/laguidaelettrica.it\\\/#website\",\"url\":\"https:\\\/\\\/laguidaelettrica.it\\\/\",\"name\":\"La Guida Elettrica\",\"description\":\"I migliori prodotti per gli elettricisti\",\"publisher\":{\"@id\":\"https:\\\/\\\/laguidaelettrica.it\\\/#organization\"},\"potentialAction\":[{\"@type\":\"SearchAction\",\"target\":{\"@type\":\"EntryPoint\",\"urlTemplate\":\"https:\\\/\\\/laguidaelettrica.it\\\/?s={search_term_string}\"},\"query-input\":{\"@type\":\"PropertyValueSpecification\",\"valueRequired\":true,\"valueName\":\"search_term_string\"}}],\"inLanguage\":\"it-IT\"},{\"@type\":\"Organization\",\"@id\":\"https:\\\/\\\/laguidaelettrica.it\\\/#organization\",\"name\":\"Gli Elettrici\",\"url\":\"https:\\\/\\\/laguidaelettrica.it\\\/\",\"logo\":{\"@type\":\"ImageObject\",\"inLanguage\":\"it-IT\",\"@id\":\"https:\\\/\\\/laguidaelettrica.it\\\/#\\\/schema\\\/logo\\\/image\\\/\",\"url\":\"https:\\\/\\\/laguidaelettrica.it\\\/wp-content\\\/uploads\\\/2022\\\/07\\\/Gli-elettrici-energia-alternativa.jpg\",\"contentUrl\":\"https:\\\/\\\/laguidaelettrica.it\\\/wp-content\\\/uploads\\\/2022\\\/07\\\/Gli-elettrici-energia-alternativa.jpg\",\"width\":399,\"height\":109,\"caption\":\"Gli Elettrici\"},\"image\":{\"@id\":\"https:\\\/\\\/laguidaelettrica.it\\\/#\\\/schema\\\/logo\\\/image\\\/\"},\"sameAs\":[\"https:\\\/\\\/www.facebook.com\\\/GliElettriciMC\",\"https:\\\/\\\/www.instagram.com\\\/GliElettrici\\\/\",\"https:\\\/\\\/www.youtube.com\\\/channel\\\/UC0Sdag04NMAUB1HBlhatDLg\"]}]}<\/script>\n<!-- \/ Yoast SEO plugin. -->","yoast_head_json":{"title":"IO630725-Proiettore led 50W 346 ADRIATICO BIANCO - La Guida Elettrica","robots":{"index":"index","follow":"follow","max-snippet":"max-snippet:-1","max-image-preview":"max-image-preview:large","max-video-preview":"max-video-preview:-1"},"canonical":"https:\/\/laguidaelettrica.it\/index.php\/prodotto\/proiet-led-50w-346adriatico-bianco\/","og_locale":"it_IT","og_type":"article","og_title":"IO630725-Proiettore led 50W 346 ADRIATICO BIANCO - La Guida Elettrica","og_description":"I proiettori Led Adriatico sono la sintesi del meglio si [...]","og_url":"https:\/\/laguidaelettrica.it\/index.php\/prodotto\/proiet-led-50w-346adriatico-bianco\/","og_site_name":"La Guida Elettrica","article_publisher":"https:\/\/www.facebook.com\/GliElettriciMC","article_modified_time":"2025-10-14T14:57:04+00:00","og_image":[{"width":600,"height":600,"url":"https:\/\/laguidaelettrica.it\/wp-content\/uploads\/2022\/06\/IO630725.jpg","type":"image\/jpeg"}],"twitter_card":"summary_large_image","twitter_misc":{"Tempo di lettura stimato":"2 minuti"},"schema":{"@context":"https:\/\/schema.org","@graph":[{"@type":"WebPage","@id":"https:\/\/laguidaelettrica.it\/index.php\/prodotto\/proiet-led-50w-346adriatico-bianco\/","url":"https:\/\/laguidaelettrica.it\/index.php\/prodotto\/proiet-led-50w-346adriatico-bianco\/","name":"IO630725-Proiettore led 50W 346 ADRIATICO BIANCO - La Guida Elettrica","isPartOf":{"@id":"https:\/\/laguidaelettrica.it\/#website"},"primaryImageOfPage":{"@id":"https:\/\/laguidaelettrica.it\/index.php\/prodotto\/proiet-led-50w-346adriatico-bianco\/#primaryimage"},"image":{"@id":"https:\/\/laguidaelettrica.it\/index.php\/prodotto\/proiet-led-50w-346adriatico-bianco\/#primaryimage"},"thumbnailUrl":"https:\/\/laguidaelettrica.it\/wp-content\/uploads\/2022\/06\/IO630725.jpg","datePublished":"2022-06-15T09:03:06+00:00","dateModified":"2025-10-14T14:57:04+00:00","breadcrumb":{"@id":"https:\/\/laguidaelettrica.it\/index.php\/prodotto\/proiet-led-50w-346adriatico-bianco\/#breadcrumb"},"inLanguage":"it-IT","potentialAction":[{"@type":"ReadAction","target":["https:\/\/laguidaelettrica.it\/index.php\/prodotto\/proiet-led-50w-346adriatico-bianco\/"]}]},{"@type":"ImageObject","inLanguage":"it-IT","@id":"https:\/\/laguidaelettrica.it\/index.php\/prodotto\/proiet-led-50w-346adriatico-bianco\/#primaryimage","url":"https:\/\/laguidaelettrica.it\/wp-content\/uploads\/2022\/06\/IO630725.jpg","contentUrl":"https:\/\/laguidaelettrica.it\/wp-content\/uploads\/2022\/06\/IO630725.jpg","width":600,"height":600},{"@type":"BreadcrumbList","@id":"https:\/\/laguidaelettrica.it\/index.php\/prodotto\/proiet-led-50w-346adriatico-bianco\/#breadcrumb","itemListElement":[{"@type":"ListItem","position":1,"name":"Home","item":"https:\/\/laguidaelettrica.it\/"},{"@type":"ListItem","position":2,"name":"La Guida Elettrica &#8211; Prodotti","item":"https:\/\/laguidaelettrica.it\/index.php\/prodotti-2\/"},{"@type":"ListItem","position":3,"name":"IO630725&#8211;Proiettore led 50W 346 ADRIATICO BIANCO"}]},{"@type":"WebSite","@id":"https:\/\/laguidaelettrica.it\/#website","url":"https:\/\/laguidaelettrica.it\/","name":"La Guida Elettrica","description":"I migliori prodotti per gli elettricisti","publisher":{"@id":"https:\/\/laguidaelettrica.it\/#organization"},"potentialAction":[{"@type":"SearchAction","target":{"@type":"EntryPoint","urlTemplate":"https:\/\/laguidaelettrica.it\/?s={search_term_string}"},"query-input":{"@type":"PropertyValueSpecification","valueRequired":true,"valueName":"search_term_string"}}],"inLanguage":"it-IT"},{"@type":"Organization","@id":"https:\/\/laguidaelettrica.it\/#organization","name":"Gli Elettrici","url":"https:\/\/laguidaelettrica.it\/","logo":{"@type":"ImageObject","inLanguage":"it-IT","@id":"https:\/\/laguidaelettrica.it\/#\/schema\/logo\/image\/","url":"https:\/\/laguidaelettrica.it\/wp-content\/uploads\/2022\/07\/Gli-elettrici-energia-alternativa.jpg","contentUrl":"https:\/\/laguidaelettrica.it\/wp-content\/uploads\/2022\/07\/Gli-elettrici-energia-alternativa.jpg","width":399,"height":109,"caption":"Gli Elettrici"},"image":{"@id":"https:\/\/laguidaelettrica.it\/#\/schema\/logo\/image\/"},"sameAs":["https:\/\/www.facebook.com\/GliElettriciMC","https:\/\/www.instagram.com\/GliElettrici\/","https:\/\/www.youtube.com\/channel\/UC0Sdag04NMAUB1HBlhatDLg"]}]}},"jetpack_sharing_enabled":true,"_links":{"self":[{"href":"https:\/\/laguidaelettrica.it\/index.php\/wp-json\/wp\/v2\/product\/5632","targetHints":{"allow":["GET"]}}],"collection":[{"href":"https:\/\/laguidaelettrica.it\/index.php\/wp-json\/wp\/v2\/product"}],"about":[{"href":"https:\/\/laguidaelettrica.it\/index.php\/wp-json\/wp\/v2\/types\/product"}],"wp:featuredmedia":[{"embeddable":true,"href":"https:\/\/laguidaelettrica.it\/index.php\/wp-json\/wp\/v2\/media\/9327"}],"wp:attachment":[{"href":"https:\/\/laguidaelettrica.it\/index.php\/wp-json\/wp\/v2\/media?parent=5632"}],"wp:term":[{"taxonomy":"product_brand","embeddable":true,"href":"https:\/\/laguidaelettrica.it\/index.php\/wp-json\/wp\/v2\/product_brand?post=5632"},{"taxonomy":"product_cat","embeddable":true,"href":"https:\/\/laguidaelettrica.it\/index.php\/wp-json\/wp\/v2\/product_cat?post=5632"},{"taxonomy":"product_tag","embeddable":true,"href":"https:\/\/laguidaelettrica.it\/index.php\/wp-json\/wp\/v2\/product_tag?post=5632"}],"curies":[{"name":"wp","href":"https:\/\/api.w.org\/{rel}","templated":true}]}}