{"id":6108,"date":"2022-06-15T12:13:47","date_gmt":"2022-06-15T10:13:47","guid":{"rendered":"https:\/\/laguidaelettrica.it\/index.php\/prodotto\/asciugamano-elettrico-2250w-330mc-h\/"},"modified":"2026-02-09T16:55:47","modified_gmt":"2026-02-09T15:55:47","slug":"asciugamano-elettrico-2250w-330mc-h","status":"publish","type":"product","link":"https:\/\/laguidaelettrica.it\/index.php\/prodotto\/asciugamano-elettrico-2250w-330mc-h\/","title":{"rendered":"22543&#8211;Asciugamano elettrico 2250W 330mc\/h"},"content":{"rendered":"<p>Nella serie Maxi il coperchio \u00e8 un pezzo unico in acciaio dello spessore di 1,5 mm, \u00e8 fissato alla base mediante due viti di sicurezza antivandalo.La base si fissa alla parete sfruttandoi due fori da 8mm presenti sulla stessa. Una turbina in alluminio, a doppia entrata simmetrica, che sviluppa una portata di 330 m3\/h garantisce prestazioni elevate.\u00a0 L\u2019affidabilit\u00e0 del prodotto \u00e8 garantita dalla elevata qualit\u00e0 dei materiali utilizzati nella realizzazione dei suoi componenti interni. L\u2019elemento riscaldante \u00e8 realizzato in NiCr a filo ondulato ed \u00e8 protetto da un limitatore termico per renderlo adeguato ad un utilizzo intenso. Tutto ci\u00f2 rende la serie MAXI ideale per installazioni in ambienti pubblici come scuole, stadi e centri commerciali e per quelle aree ad<\/p>\n<p>elevato traffico come stazioni di servizio e fast food.<\/p>\n<p>Componenti e materiali coperchio in pezzo unico, acciaio, spess. 1,5 mm<\/p>\n<p>Dimensioni 245 x 276 x 210 mm<\/p>\n<p>Tensione 222-240 V<\/p>\n<p>Potenza totale 2250 W<\/p>\n<p>Frequenza 50\/60 Hz<\/p>\n<p>Potenza motore 250 W<\/p>\n<p>Isolamento elettrico classe I<\/p>\n<p>Potenza resistenza 2000 W<\/p>\n<p>Consumo 10 A<\/p>\n<p>Indice di protezione IP23<\/p>\n<p>Peso 4.9 kg<\/p>\n<p>Giri\/minuto 5500<\/p>\n<p>Portata effettiva 330 m3\/h &#8211; 5500 l\/min<\/p>\n<p>Temperatura Aria* 53\u00b0C<\/p>\n<p>Portata nominale 470 m3\/h &#8211; 7800 l\/min<\/p>\n<p>Tempo asciugatura stimato 29 sec<\/p>\n<p>Velocit\u00e0 aria 96 km\/h<\/p>\n<p>Livello sonoro (a 2 m) 70 dB<\/p>\n<p>*(distanza = 10 cm e temperatura ambiente = 21\u00b0C)<\/p>\n","protected":false},"excerpt":{"rendered":"<p>Nella serie Maxi il coperchio \u00e8 un pezzo unico in  [&#8230;]<\/p>\n","protected":false},"featured_media":9457,"template":"","meta":[],"product_brand":[],"product_cat":[237],"product_tag":[1509],"class_list":{"0":"post-6108","1":"product","2":"type-product","3":"status-publish","4":"has-post-thumbnail","6":"product_cat-asciugamani-elettrici","7":"product_tag-mcair","9":"first","10":"instock","11":"shipping-taxable","12":"product-type-simple"},"yoast_head":"<!-- This site is optimized with the Yoast SEO plugin v27.3 - https:\/\/yoast.com\/product\/yoast-seo-wordpress\/ -->\n<title>22543-Asciugamano elettrico 2250W 330mc\/h - La Guida Elettrica<\/title>\n<meta name=\"robots\" content=\"index, follow, max-snippet:-1, max-image-preview:large, max-video-preview:-1\" \/>\n<link rel=\"canonical\" href=\"https:\/\/laguidaelettrica.it\/index.php\/prodotto\/asciugamano-elettrico-2250w-330mc-h\/\" \/>\n<meta property=\"og:locale\" content=\"it_IT\" \/>\n<meta property=\"og:type\" content=\"article\" \/>\n<meta property=\"og:title\" content=\"22543-Asciugamano elettrico 2250W 330mc\/h - La Guida Elettrica\" \/>\n<meta property=\"og:description\" content=\"Nella serie Maxi il coperchio \u00e8 un pezzo unico in [...]\" \/>\n<meta property=\"og:url\" content=\"https:\/\/laguidaelettrica.it\/index.php\/prodotto\/asciugamano-elettrico-2250w-330mc-h\/\" \/>\n<meta property=\"og:site_name\" content=\"La Guida Elettrica\" \/>\n<meta property=\"article:publisher\" content=\"https:\/\/www.facebook.com\/GliElettriciMC\" \/>\n<meta property=\"article:modified_time\" content=\"2026-02-09T15:55:47+00:00\" \/>\n<meta property=\"og:image\" content=\"https:\/\/laguidaelettrica.it\/wp-content\/uploads\/2022\/07\/22543.jpg\" \/>\n\t<meta property=\"og:image:width\" content=\"600\" \/>\n\t<meta property=\"og:image:height\" content=\"600\" \/>\n\t<meta property=\"og:image:type\" content=\"image\/jpeg\" \/>\n<meta name=\"twitter:card\" content=\"summary_large_image\" \/>\n<meta name=\"twitter:label1\" content=\"Tempo di lettura stimato\" \/>\n\t<meta name=\"twitter:data1\" content=\"2 minuti\" \/>\n<script type=\"application\/ld+json\" class=\"yoast-schema-graph\">{\"@context\":\"https:\\\/\\\/schema.org\",\"@graph\":[{\"@type\":\"WebPage\",\"@id\":\"https:\\\/\\\/laguidaelettrica.it\\\/index.php\\\/prodotto\\\/asciugamano-elettrico-2250w-330mc-h\\\/\",\"url\":\"https:\\\/\\\/laguidaelettrica.it\\\/index.php\\\/prodotto\\\/asciugamano-elettrico-2250w-330mc-h\\\/\",\"name\":\"22543-Asciugamano elettrico 2250W 330mc\\\/h - La Guida Elettrica\",\"isPartOf\":{\"@id\":\"https:\\\/\\\/laguidaelettrica.it\\\/#website\"},\"primaryImageOfPage\":{\"@id\":\"https:\\\/\\\/laguidaelettrica.it\\\/index.php\\\/prodotto\\\/asciugamano-elettrico-2250w-330mc-h\\\/#primaryimage\"},\"image\":{\"@id\":\"https:\\\/\\\/laguidaelettrica.it\\\/index.php\\\/prodotto\\\/asciugamano-elettrico-2250w-330mc-h\\\/#primaryimage\"},\"thumbnailUrl\":\"https:\\\/\\\/laguidaelettrica.it\\\/wp-content\\\/uploads\\\/2022\\\/07\\\/22543.jpg\",\"datePublished\":\"2022-06-15T10:13:47+00:00\",\"dateModified\":\"2026-02-09T15:55:47+00:00\",\"breadcrumb\":{\"@id\":\"https:\\\/\\\/laguidaelettrica.it\\\/index.php\\\/prodotto\\\/asciugamano-elettrico-2250w-330mc-h\\\/#breadcrumb\"},\"inLanguage\":\"it-IT\",\"potentialAction\":[{\"@type\":\"ReadAction\",\"target\":[\"https:\\\/\\\/laguidaelettrica.it\\\/index.php\\\/prodotto\\\/asciugamano-elettrico-2250w-330mc-h\\\/\"]}]},{\"@type\":\"ImageObject\",\"inLanguage\":\"it-IT\",\"@id\":\"https:\\\/\\\/laguidaelettrica.it\\\/index.php\\\/prodotto\\\/asciugamano-elettrico-2250w-330mc-h\\\/#primaryimage\",\"url\":\"https:\\\/\\\/laguidaelettrica.it\\\/wp-content\\\/uploads\\\/2022\\\/07\\\/22543.jpg\",\"contentUrl\":\"https:\\\/\\\/laguidaelettrica.it\\\/wp-content\\\/uploads\\\/2022\\\/07\\\/22543.jpg\",\"width\":600,\"height\":600},{\"@type\":\"BreadcrumbList\",\"@id\":\"https:\\\/\\\/laguidaelettrica.it\\\/index.php\\\/prodotto\\\/asciugamano-elettrico-2250w-330mc-h\\\/#breadcrumb\",\"itemListElement\":[{\"@type\":\"ListItem\",\"position\":1,\"name\":\"Home\",\"item\":\"https:\\\/\\\/laguidaelettrica.it\\\/\"},{\"@type\":\"ListItem\",\"position\":2,\"name\":\"La Guida Elettrica &#8211; Prodotti\",\"item\":\"https:\\\/\\\/laguidaelettrica.it\\\/index.php\\\/prodotti-2\\\/\"},{\"@type\":\"ListItem\",\"position\":3,\"name\":\"22543&#8211;Asciugamano elettrico 2250W 330mc\\\/h\"}]},{\"@type\":\"WebSite\",\"@id\":\"https:\\\/\\\/laguidaelettrica.it\\\/#website\",\"url\":\"https:\\\/\\\/laguidaelettrica.it\\\/\",\"name\":\"La Guida Elettrica\",\"description\":\"I migliori prodotti per gli elettricisti\",\"publisher\":{\"@id\":\"https:\\\/\\\/laguidaelettrica.it\\\/#organization\"},\"potentialAction\":[{\"@type\":\"SearchAction\",\"target\":{\"@type\":\"EntryPoint\",\"urlTemplate\":\"https:\\\/\\\/laguidaelettrica.it\\\/?s={search_term_string}\"},\"query-input\":{\"@type\":\"PropertyValueSpecification\",\"valueRequired\":true,\"valueName\":\"search_term_string\"}}],\"inLanguage\":\"it-IT\"},{\"@type\":\"Organization\",\"@id\":\"https:\\\/\\\/laguidaelettrica.it\\\/#organization\",\"name\":\"Gli Elettrici\",\"url\":\"https:\\\/\\\/laguidaelettrica.it\\\/\",\"logo\":{\"@type\":\"ImageObject\",\"inLanguage\":\"it-IT\",\"@id\":\"https:\\\/\\\/laguidaelettrica.it\\\/#\\\/schema\\\/logo\\\/image\\\/\",\"url\":\"https:\\\/\\\/laguidaelettrica.it\\\/wp-content\\\/uploads\\\/2022\\\/07\\\/Gli-elettrici-energia-alternativa.jpg\",\"contentUrl\":\"https:\\\/\\\/laguidaelettrica.it\\\/wp-content\\\/uploads\\\/2022\\\/07\\\/Gli-elettrici-energia-alternativa.jpg\",\"width\":399,\"height\":109,\"caption\":\"Gli Elettrici\"},\"image\":{\"@id\":\"https:\\\/\\\/laguidaelettrica.it\\\/#\\\/schema\\\/logo\\\/image\\\/\"},\"sameAs\":[\"https:\\\/\\\/www.facebook.com\\\/GliElettriciMC\",\"https:\\\/\\\/www.instagram.com\\\/GliElettrici\\\/\",\"https:\\\/\\\/www.youtube.com\\\/channel\\\/UC0Sdag04NMAUB1HBlhatDLg\"]}]}<\/script>\n<!-- \/ Yoast SEO plugin. -->","yoast_head_json":{"title":"22543-Asciugamano elettrico 2250W 330mc\/h - La Guida Elettrica","robots":{"index":"index","follow":"follow","max-snippet":"max-snippet:-1","max-image-preview":"max-image-preview:large","max-video-preview":"max-video-preview:-1"},"canonical":"https:\/\/laguidaelettrica.it\/index.php\/prodotto\/asciugamano-elettrico-2250w-330mc-h\/","og_locale":"it_IT","og_type":"article","og_title":"22543-Asciugamano elettrico 2250W 330mc\/h - La Guida Elettrica","og_description":"Nella serie Maxi il coperchio \u00e8 un pezzo unico in [...]","og_url":"https:\/\/laguidaelettrica.it\/index.php\/prodotto\/asciugamano-elettrico-2250w-330mc-h\/","og_site_name":"La Guida Elettrica","article_publisher":"https:\/\/www.facebook.com\/GliElettriciMC","article_modified_time":"2026-02-09T15:55:47+00:00","og_image":[{"width":600,"height":600,"url":"https:\/\/laguidaelettrica.it\/wp-content\/uploads\/2022\/07\/22543.jpg","type":"image\/jpeg"}],"twitter_card":"summary_large_image","twitter_misc":{"Tempo di lettura stimato":"2 minuti"},"schema":{"@context":"https:\/\/schema.org","@graph":[{"@type":"WebPage","@id":"https:\/\/laguidaelettrica.it\/index.php\/prodotto\/asciugamano-elettrico-2250w-330mc-h\/","url":"https:\/\/laguidaelettrica.it\/index.php\/prodotto\/asciugamano-elettrico-2250w-330mc-h\/","name":"22543-Asciugamano elettrico 2250W 330mc\/h - La Guida Elettrica","isPartOf":{"@id":"https:\/\/laguidaelettrica.it\/#website"},"primaryImageOfPage":{"@id":"https:\/\/laguidaelettrica.it\/index.php\/prodotto\/asciugamano-elettrico-2250w-330mc-h\/#primaryimage"},"image":{"@id":"https:\/\/laguidaelettrica.it\/index.php\/prodotto\/asciugamano-elettrico-2250w-330mc-h\/#primaryimage"},"thumbnailUrl":"https:\/\/laguidaelettrica.it\/wp-content\/uploads\/2022\/07\/22543.jpg","datePublished":"2022-06-15T10:13:47+00:00","dateModified":"2026-02-09T15:55:47+00:00","breadcrumb":{"@id":"https:\/\/laguidaelettrica.it\/index.php\/prodotto\/asciugamano-elettrico-2250w-330mc-h\/#breadcrumb"},"inLanguage":"it-IT","potentialAction":[{"@type":"ReadAction","target":["https:\/\/laguidaelettrica.it\/index.php\/prodotto\/asciugamano-elettrico-2250w-330mc-h\/"]}]},{"@type":"ImageObject","inLanguage":"it-IT","@id":"https:\/\/laguidaelettrica.it\/index.php\/prodotto\/asciugamano-elettrico-2250w-330mc-h\/#primaryimage","url":"https:\/\/laguidaelettrica.it\/wp-content\/uploads\/2022\/07\/22543.jpg","contentUrl":"https:\/\/laguidaelettrica.it\/wp-content\/uploads\/2022\/07\/22543.jpg","width":600,"height":600},{"@type":"BreadcrumbList","@id":"https:\/\/laguidaelettrica.it\/index.php\/prodotto\/asciugamano-elettrico-2250w-330mc-h\/#breadcrumb","itemListElement":[{"@type":"ListItem","position":1,"name":"Home","item":"https:\/\/laguidaelettrica.it\/"},{"@type":"ListItem","position":2,"name":"La Guida Elettrica &#8211; Prodotti","item":"https:\/\/laguidaelettrica.it\/index.php\/prodotti-2\/"},{"@type":"ListItem","position":3,"name":"22543&#8211;Asciugamano elettrico 2250W 330mc\/h"}]},{"@type":"WebSite","@id":"https:\/\/laguidaelettrica.it\/#website","url":"https:\/\/laguidaelettrica.it\/","name":"La Guida Elettrica","description":"I migliori prodotti per gli elettricisti","publisher":{"@id":"https:\/\/laguidaelettrica.it\/#organization"},"potentialAction":[{"@type":"SearchAction","target":{"@type":"EntryPoint","urlTemplate":"https:\/\/laguidaelettrica.it\/?s={search_term_string}"},"query-input":{"@type":"PropertyValueSpecification","valueRequired":true,"valueName":"search_term_string"}}],"inLanguage":"it-IT"},{"@type":"Organization","@id":"https:\/\/laguidaelettrica.it\/#organization","name":"Gli Elettrici","url":"https:\/\/laguidaelettrica.it\/","logo":{"@type":"ImageObject","inLanguage":"it-IT","@id":"https:\/\/laguidaelettrica.it\/#\/schema\/logo\/image\/","url":"https:\/\/laguidaelettrica.it\/wp-content\/uploads\/2022\/07\/Gli-elettrici-energia-alternativa.jpg","contentUrl":"https:\/\/laguidaelettrica.it\/wp-content\/uploads\/2022\/07\/Gli-elettrici-energia-alternativa.jpg","width":399,"height":109,"caption":"Gli Elettrici"},"image":{"@id":"https:\/\/laguidaelettrica.it\/#\/schema\/logo\/image\/"},"sameAs":["https:\/\/www.facebook.com\/GliElettriciMC","https:\/\/www.instagram.com\/GliElettrici\/","https:\/\/www.youtube.com\/channel\/UC0Sdag04NMAUB1HBlhatDLg"]}]}},"jetpack_sharing_enabled":true,"_links":{"self":[{"href":"https:\/\/laguidaelettrica.it\/index.php\/wp-json\/wp\/v2\/product\/6108","targetHints":{"allow":["GET"]}}],"collection":[{"href":"https:\/\/laguidaelettrica.it\/index.php\/wp-json\/wp\/v2\/product"}],"about":[{"href":"https:\/\/laguidaelettrica.it\/index.php\/wp-json\/wp\/v2\/types\/product"}],"wp:featuredmedia":[{"embeddable":true,"href":"https:\/\/laguidaelettrica.it\/index.php\/wp-json\/wp\/v2\/media\/9457"}],"wp:attachment":[{"href":"https:\/\/laguidaelettrica.it\/index.php\/wp-json\/wp\/v2\/media?parent=6108"}],"wp:term":[{"taxonomy":"product_brand","embeddable":true,"href":"https:\/\/laguidaelettrica.it\/index.php\/wp-json\/wp\/v2\/product_brand?post=6108"},{"taxonomy":"product_cat","embeddable":true,"href":"https:\/\/laguidaelettrica.it\/index.php\/wp-json\/wp\/v2\/product_cat?post=6108"},{"taxonomy":"product_tag","embeddable":true,"href":"https:\/\/laguidaelettrica.it\/index.php\/wp-json\/wp\/v2\/product_tag?post=6108"}],"curies":[{"name":"wp","href":"https:\/\/api.w.org\/{rel}","templated":true}]}}